{"id":191,"date":"2025-07-01T03:59:29","date_gmt":"2025-07-01T03:59:29","guid":{"rendered":"https:\/\/www.luxelavanderia.it\/?page_id=191"},"modified":"2025-10-13T15:20:56","modified_gmt":"2025-10-13T15:20:56","slug":"servizi","status":"publish","type":"page","link":"https:\/\/www.luxelavanderia.it\/?page_id=191","title":{"rendered":"Servizi"},"content":{"rendered":"\t\t<div data-elementor-type=\"wp-page\" data-elementor-id=\"191\" class=\"elementor elementor-191\">\n\t\t\t\t\t\t<section class=\"elementor-section elementor-top-section elementor-element elementor-element-13a8fb4 elementor-section-boxed elementor-section-height-default elementor-section-height-default wpr-particle-no wpr-jarallax-no wpr-sticky-section-no wpr-equal-height-no\" data-id=\"13a8fb4\" data-element_type=\"section\" data-e-type=\"section\" data-settings=\"{&quot;background_background&quot;:&quot;classic&quot;}\">\n\t\t\t\t\t\t<div class=\"elementor-container elementor-column-gap-default\">\n\t\t\t\t\t<div class=\"elementor-column elementor-col-100 elementor-top-column elementor-element elementor-element-ff71c8d\" data-id=\"ff71c8d\" data-element_type=\"column\" data-e-type=\"column\">\n\t\t\t<div class=\"elementor-widget-wrap elementor-element-populated\">\n\t\t\t\t\t\t<div class=\"elementor-element elementor-element-4e7b320 elementor-widget elementor-widget-heading\" data-id=\"4e7b320\" data-element_type=\"widget\" data-e-type=\"widget\" data-widget_type=\"heading.default\">\n\t\t\t\t<div class=\"elementor-widget-container\">\n\t\t\t\t\t<h2 class=\"elementor-heading-title elementor-size-default\">I nostri servizi<\/h2>\t\t\t\t<\/div>\n\t\t\t\t<\/div>\n\t\t\t\t\t<\/div>\n\t\t<\/div>\n\t\t\t\t\t<\/div>\n\t\t<\/section>\n\t\t\t\t<section class=\"elementor-section elementor-top-section elementor-element elementor-element-6cd90fbe elementor-section-boxed elementor-section-height-default elementor-section-height-default wpr-particle-no wpr-jarallax-no wpr-parallax-no wpr-sticky-section-no wpr-equal-height-no\" data-id=\"6cd90fbe\" data-element_type=\"section\" data-e-type=\"section\">\n\t\t\t\t\t\t<div class=\"elementor-container elementor-column-gap-default\">\n\t\t\t\t\t<div class=\"elementor-column elementor-col-100 elementor-top-column elementor-element elementor-element-63613c3f\" data-id=\"63613c3f\" data-element_type=\"column\" data-e-type=\"column\">\n\t\t\t<div class=\"elementor-widget-wrap elementor-element-populated\">\n\t\t\t\t\t\t<div class=\"elementor-element elementor-element-767fbc50 elementor-widget elementor-widget-heading\" data-id=\"767fbc50\" data-element_type=\"widget\" data-e-type=\"widget\" data-widget_type=\"heading.default\">\n\t\t\t\t<div class=\"elementor-widget-container\">\n\t\t\t\t\t<h2 class=\"elementor-heading-title elementor-size-default\">Cosa facciamo<\/h2>\t\t\t\t<\/div>\n\t\t\t\t<\/div>\n\t\t\t\t<div class=\"elementor-element elementor-element-5203d740 elementor-widget elementor-widget-text-editor\" data-id=\"5203d740\" data-element_type=\"widget\" data-e-type=\"widget\" data-widget_type=\"text-editor.default\">\n\t\t\t\t<div class=\"elementor-widget-container\">\n\t\t\t\t\t\t\t\t\t<p style=\"text-align: ;\">Servizi di<strong> noleggio e lavaggio biancheria<\/strong> completi rivolti a molti settori tra cui: Ristoranti, Pizzerie, Catering , Bar, Alberghi, Rsa, Cliniche, Ambulatori\nTrattiamo il noleggio, il lavaggio, la stiratura a partire\u00a0 dal <strong>tovagliato professionale<\/strong> (tovaglie, fiandre, tovaglioli) fino ai <strong>tessuti<\/strong> particolarmente raffinati e personalizzati.\nIl tutto gestito con organizzazione che prevede\u00a0 il ritiro\u00a0 e la consegna puntuale su tutto il territorio nazionale.<\/p>\t\t\t\t\t\t\t\t<\/div>\n\t\t\t\t<\/div>\n\t\t\t\t<section class=\"elementor-section elementor-inner-section elementor-element elementor-element-1e8853c4 elementor-section-boxed elementor-section-height-default elementor-section-height-default wpr-particle-no wpr-jarallax-no wpr-parallax-no wpr-sticky-section-no wpr-equal-height-no\" data-id=\"1e8853c4\" data-element_type=\"section\" data-e-type=\"section\">\n\t\t\t\t\t\t<div class=\"elementor-container elementor-column-gap-default\">\n\t\t\t\t\t<div class=\"elementor-column elementor-col-33 elementor-inner-column elementor-element elementor-element-1abb688c\" data-id=\"1abb688c\" data-element_type=\"column\" data-e-type=\"column\">\n\t\t\t<div class=\"elementor-widget-wrap elementor-element-populated\">\n\t\t\t\t\t\t<div class=\"elementor-element elementor-element-37de64bf elementor-vertical-align-top elementor-invisible elementor-widget elementor-widget-image-box\" data-id=\"37de64bf\" data-element_type=\"widget\" data-e-type=\"widget\" data-settings=\"{&quot;_animation&quot;:&quot;slideInLeft&quot;}\" data-widget_type=\"image-box.default\">\n\t\t\t\t<div class=\"elementor-widget-container\">\n\t\t\t\t\t<div class=\"elementor-image-box-wrapper\"><div class=\"elementor-image-box-content\"><h3 class=\"elementor-image-box-title\">Lavaggio e noleggio biancheria per la ristorazione<\/h3><p class=\"elementor-image-box-description\">Offriamo un servizio completo per ristoranti, pizzerie, catering e bar: dal tovagliato professionale (tovaglie, fiandre, tovaglioli) fino alle snodature personalizzate. Il tutto gestito con ritiro, lavaggio e consegna puntuale su tutto il territorio nazionale.<\/p><\/div><\/div>\t\t\t\t<\/div>\n\t\t\t\t<\/div>\n\t\t\t\t\t<\/div>\n\t\t<\/div>\n\t\t\t\t<div class=\"elementor-column elementor-col-33 elementor-inner-column elementor-element elementor-element-4f9b2f07\" data-id=\"4f9b2f07\" data-element_type=\"column\" data-e-type=\"column\">\n\t\t\t<div class=\"elementor-widget-wrap elementor-element-populated\">\n\t\t\t\t\t\t<div class=\"elementor-element elementor-element-3f861e48 elementor-vertical-align-top elementor-invisible elementor-widget elementor-widget-image-box\" data-id=\"3f861e48\" data-element_type=\"widget\" data-e-type=\"widget\" data-settings=\"{&quot;_animation&quot;:&quot;slideInLeft&quot;}\" data-widget_type=\"image-box.default\">\n\t\t\t\t<div class=\"elementor-widget-container\">\n\t\t\t\t\t<div class=\"elementor-image-box-wrapper\"><div class=\"elementor-image-box-content\"><h3 class=\"elementor-image-box-title\">Soluzioni per hotel e struttura ricettive<\/h3><p class=\"elementor-image-box-description\">Progettiamo pacchetti su misura per hotel, agriturismi, B&amp;B e residence. Forniamo biancheria da letto e da bagno su misura, con materiali selezionati per garantire comfort elevato e durata nel tempo.<\/p><\/div><\/div>\t\t\t\t<\/div>\n\t\t\t\t<\/div>\n\t\t\t\t\t<\/div>\n\t\t<\/div>\n\t\t\t\t<div class=\"elementor-column elementor-col-33 elementor-inner-column elementor-element elementor-element-6cc4abdc\" data-id=\"6cc4abdc\" data-element_type=\"column\" data-e-type=\"column\">\n\t\t\t<div class=\"elementor-widget-wrap elementor-element-populated\">\n\t\t\t\t\t\t<div class=\"elementor-element elementor-element-7e6e8ae8 elementor-vertical-align-top elementor-invisible elementor-widget elementor-widget-image-box\" data-id=\"7e6e8ae8\" data-element_type=\"widget\" data-e-type=\"widget\" data-settings=\"{&quot;_animation&quot;:&quot;slideInLeft&quot;}\" data-widget_type=\"image-box.default\">\n\t\t\t\t<div class=\"elementor-widget-container\">\n\t\t\t\t\t<div class=\"elementor-image-box-wrapper\"><div class=\"elementor-image-box-content\"><h3 class=\"elementor-image-box-title\">Trattamento materassi, guanciali e articoli tecnico-sanitari<\/h3><p class=\"elementor-image-box-description\">Inseriamo nel nostro processo materassi e guanciali per la ristorazione o strutture sanitarie, garantendo igiene profonda, controllo delle fibre e rigenerazione sicura.<\/p><\/div><\/div>\t\t\t\t<\/div>\n\t\t\t\t<\/div>\n\t\t\t\t\t<\/div>\n\t\t<\/div>\n\t\t\t\t\t<\/div>\n\t\t<\/section>\n\t\t\t\t<section class=\"elementor-section elementor-inner-section elementor-element elementor-element-4b8e0707 elementor-section-boxed elementor-section-height-default elementor-section-height-default wpr-particle-no wpr-jarallax-no wpr-parallax-no wpr-sticky-section-no wpr-equal-height-no\" data-id=\"4b8e0707\" data-element_type=\"section\" data-e-type=\"section\">\n\t\t\t\t\t\t<div class=\"elementor-container elementor-column-gap-wider\">\n\t\t\t\t\t<div class=\"elementor-column elementor-col-50 elementor-inner-column elementor-element elementor-element-4e4e8574\" data-id=\"4e4e8574\" data-element_type=\"column\" data-e-type=\"column\">\n\t\t\t<div class=\"elementor-widget-wrap elementor-element-populated\">\n\t\t\t\t\t\t<div class=\"elementor-element elementor-element-832e1ce elementor-vertical-align-top elementor-invisible elementor-widget elementor-widget-image-box\" data-id=\"832e1ce\" data-element_type=\"widget\" data-e-type=\"widget\" data-settings=\"{&quot;_animation&quot;:&quot;slideInLeft&quot;}\" data-widget_type=\"image-box.default\">\n\t\t\t\t<div class=\"elementor-widget-container\">\n\t\t\t\t\t<div class=\"elementor-image-box-wrapper\"><div class=\"elementor-image-box-content\"><h3 class=\"elementor-image-box-title\">Percorsi qualificati per strutture sanitarie e RSA<\/h3><p class=\"elementor-image-box-description\">Proponiamo soluzioni certificate per ospedali, cliniche e case di riposo, con tessuti tecnici, lenzuola speciali, cerate protettive e controllo totale via barcode RFID.<\/p><\/div><\/div>\t\t\t\t<\/div>\n\t\t\t\t<\/div>\n\t\t\t\t\t<\/div>\n\t\t<\/div>\n\t\t\t\t<div class=\"elementor-column elementor-col-50 elementor-inner-column elementor-element elementor-element-7fa1b6bc\" data-id=\"7fa1b6bc\" data-element_type=\"column\" data-e-type=\"column\">\n\t\t\t<div class=\"elementor-widget-wrap elementor-element-populated\">\n\t\t\t\t\t\t<div class=\"elementor-element elementor-element-5b372da5 elementor-vertical-align-top elementor-invisible elementor-widget elementor-widget-image-box\" data-id=\"5b372da5\" data-element_type=\"widget\" data-e-type=\"widget\" data-settings=\"{&quot;_animation&quot;:&quot;slideInLeft&quot;}\" data-widget_type=\"image-box.default\">\n\t\t\t\t<div class=\"elementor-widget-container\">\n\t\t\t\t\t<div class=\"elementor-image-box-wrapper\"><div class=\"elementor-image-box-content\"><h3 class=\"elementor-image-box-title\">Tutto inclusivo: ritiro, lavaggio e consegna<\/h3><p class=\"elementor-image-box-description\">Ogni servizio include ritiro, lavaggio, controllo qualit\u00e0 e consegna nei tempi richiesti, con supporto clienti a ogni fase.<\/p><\/div><\/div>\t\t\t\t<\/div>\n\t\t\t\t<\/div>\n\t\t\t\t\t<\/div>\n\t\t<\/div>\n\t\t\t\t\t<\/div>\n\t\t<\/section>\n\t\t\t\t\t<\/div>\n\t\t<\/div>\n\t\t\t\t\t<\/div>\n\t\t<\/section>\n\t\t\t\t<section class=\"elementor-section elementor-top-section elementor-element elementor-element-9313ef4 elementor-section-boxed elementor-section-height-default elementor-section-height-default wpr-particle-no wpr-jarallax-no wpr-parallax-no wpr-sticky-section-no wpr-equal-height-no\" data-id=\"9313ef4\" data-element_type=\"section\" data-e-type=\"section\">\n\t\t\t\t\t\t<div class=\"elementor-container elementor-column-gap-default\">\n\t\t\t\t\t<div class=\"elementor-column elementor-col-100 elementor-top-column elementor-element elementor-element-8239228\" data-id=\"8239228\" data-element_type=\"column\" data-e-type=\"column\">\n\t\t\t<div class=\"elementor-widget-wrap elementor-element-populated\">\n\t\t\t\t\t\t<div class=\"elementor-element elementor-element-a7e94c3 elementor-widget elementor-widget-heading\" data-id=\"a7e94c3\" data-element_type=\"widget\" data-e-type=\"widget\" data-widget_type=\"heading.default\">\n\t\t\t\t<div class=\"elementor-widget-container\">\n\t\t\t\t\t<h2 class=\"elementor-heading-title elementor-size-default\">Scopri i nostri servizi nel dettaglio<\/h2>\t\t\t\t<\/div>\n\t\t\t\t<\/div>\n\t\t\t\t<div class=\"elementor-element elementor-element-ad0ebad wpr-grid-columns-3 wpr-grid-columns--tablet2 wpr-grid-columns--mobile1 wpr-item-styles-inner elementor-widget elementor-widget-wpr-grid\" data-id=\"ad0ebad\" data-element_type=\"widget\" data-e-type=\"widget\" data-widget_type=\"wpr-grid.default\">\n\t\t\t\t<div class=\"elementor-widget-container\">\n\t\t\t\t\t<ul class=\"wpr-grid-filters elementor-clearfix wpr-grid-filters-sep-right\"><li class=\" wpr-pointer-none wpr-pointer-line-fx wpr-pointer-fx-none\"><span  data-filter=\"*\" class=\"wpr-grid-filters-item wpr-active-filter \">All Post<\/span><em class=\"wpr-grid-filters-sep\"><\/em><\/li><li class=\" wpr-pointer-none wpr-pointer-line-fx wpr-pointer-fx-none\"><span   data-ajax-filter=[\"category\",\"servizi\"]  data-filter=\".category-servizi\">Servizi<\/span><em class=\"wpr-grid-filters-sep\"><\/em><\/li><\/ul><section class=\"wpr-grid elementor-clearfix\" data-settings=\"{&quot;layout&quot;:&quot;fitRows&quot;,&quot;stick_last_element_to_bottom&quot;:&quot;&quot;,&quot;columns_desktop&quot;:&quot;3&quot;,&quot;gutter_hr&quot;:15,&quot;gutter_hr_mobile&quot;:15,&quot;gutter_hr_mobile_extra&quot;:15,&quot;gutter_hr_tablet&quot;:15,&quot;gutter_hr_tablet_extra&quot;:15,&quot;gutter_hr_laptop&quot;:15,&quot;gutter_hr_widescreen&quot;:15,&quot;gutter_vr&quot;:15,&quot;gutter_vr_mobile&quot;:15,&quot;gutter_vr_mobile_extra&quot;:15,&quot;gutter_vr_tablet&quot;:15,&quot;gutter_vr_tablet_extra&quot;:15,&quot;gutter_vr_laptop&quot;:15,&quot;gutter_vr_widescreen&quot;:15,&quot;animation&quot;:&quot;default&quot;,&quot;animation_duration&quot;:0.3,&quot;animation_delay&quot;:0.1,&quot;deeplinking&quot;:&quot;&quot;,&quot;filters_linkable&quot;:&quot;no&quot;,&quot;filters_default_filter&quot;:&quot;&quot;,&quot;filters_count&quot;:&quot;&quot;,&quot;filters_hide_empty&quot;:&quot;no&quot;,&quot;filters_animation&quot;:&quot;default&quot;,&quot;filters_animation_duration&quot;:0.3,&quot;filters_animation_delay&quot;:0.1,&quot;pagination_type&quot;:&quot;load-more&quot;,&quot;pagination_max_pages&quot;:1,&quot;lightbox&quot;:{&quot;selector&quot;:&quot;.wpr-grid-image-wrap&quot;,&quot;iframeMaxWidth&quot;:&quot;60%&quot;,&quot;hash&quot;:false,&quot;autoplay&quot;:&quot;true&quot;,&quot;pause&quot;:5000,&quot;progressBar&quot;:&quot;true&quot;,&quot;counter&quot;:&quot;true&quot;,&quot;controls&quot;:&quot;true&quot;,&quot;getCaptionFromTitleOrAlt&quot;:&quot;true&quot;,&quot;thumbnail&quot;:&quot;&quot;,&quot;showThumbByDefault&quot;:&quot;&quot;,&quot;share&quot;:&quot;&quot;,&quot;zoom&quot;:&quot;true&quot;,&quot;fullScreen&quot;:&quot;true&quot;,&quot;download&quot;:&quot;true&quot;}}\" data-advanced-filters=\"no\"><article class=\"wpr-grid-item elementor-clearfix post-378 post type-post status-publish format-standard has-post-thumbnail hentry category-servizi\"><div class=\"wpr-grid-item-inner\"><div class=\"wpr-grid-media-wrap wpr-effect-size-medium \" data-overlay-link=\"yes\"><div class=\"wpr-grid-image-wrap\" data-src=\"https:\/\/www.luxelavanderia.it\/wp-content\/uploads\/2025\/07\/Ritiro-lavaggio-e-consegna.jpg\" data-img-on-hover=\"\"  data-src-secondary=\"\"><img decoding=\"async\" data-no-lazy=\"1\" src=\"https:\/\/www.luxelavanderia.it\/wp-content\/uploads\/2025\/07\/Ritiro-lavaggio-e-consegna.jpg\" alt=\"Ritiro lavaggio e consegna per ristorante\" class=\"wpr-anim-timing-ease-default\"><\/div><div class=\"wpr-grid-media-hover wpr-animation-wrap\"><div class=\"wpr-grid-media-hover-bg  wpr-overlay-fade-in wpr-anim-size-large wpr-anim-timing-ease-default wpr-anim-transparency\" data-url=\"https:\/\/www.luxelavanderia.it\/?p=378\"><\/div><\/div><\/div><div class=\"wpr-grid-item-below-content elementor-clearfix\"><h2 class=\"wpr-grid-item-title elementor-repeater-item-88afe2f wpr-grid-item-display-block wpr-grid-item-align-center wpr-pointer-none wpr-pointer-line-fx wpr-pointer-fx-fade\"><div class=\"inner-block\"><a target=\"_self\"  href=\"https:\/\/www.luxelavanderia.it\/?p=378\">Ritiro lavaggio e consegna per ristorante<\/a><\/div><\/h2><div class=\"wpr-grid-item-excerpt elementor-repeater-item-c316b12 wpr-grid-item-display-block wpr-grid-item-align-center\"><div class=\"inner-block\"><p>Servizio di Luxe Lavanderia professionale offre numerosi vantaggi: riduzione dei costi, soluzioni personalizzate , sicurezza e igiene per alberghi, ristoranti,...<\/p><\/div><\/div><div class=\"wpr-grid-item-read-more elementor-repeater-item-286b66c wpr-grid-item-display-block wpr-grid-item-align-center\"><div class=\"inner-block\"><a target=\"_self\" href=\"https:\/\/www.luxelavanderia.it\/?p=378\" class=\"wpr-button-effect wpr-button-none\"><span>Approfondisci<\/span><\/a><\/div><\/div><\/div><\/div><\/article><article class=\"wpr-grid-item elementor-clearfix post-370 post type-post status-publish format-standard has-post-thumbnail hentry category-servizi\"><div class=\"wpr-grid-item-inner\"><div class=\"wpr-grid-media-wrap wpr-effect-size-medium \" data-overlay-link=\"yes\"><div class=\"wpr-grid-image-wrap\" data-src=\"https:\/\/www.luxelavanderia.it\/wp-content\/uploads\/2025\/07\/Ritiro-lavaggio-e-consegna-biancheria.jpg\" data-img-on-hover=\"\"  data-src-secondary=\"\"><img decoding=\"async\" data-no-lazy=\"1\" src=\"https:\/\/www.luxelavanderia.it\/wp-content\/uploads\/2025\/07\/Ritiro-lavaggio-e-consegna-biancheria.jpg\" alt=\"Ritiro lavaggio e consegna per albergo\" class=\"wpr-anim-timing-ease-default\"><\/div><div class=\"wpr-grid-media-hover wpr-animation-wrap\"><div class=\"wpr-grid-media-hover-bg  wpr-overlay-fade-in wpr-anim-size-large wpr-anim-timing-ease-default wpr-anim-transparency\" data-url=\"https:\/\/www.luxelavanderia.it\/?p=370\"><\/div><\/div><\/div><div class=\"wpr-grid-item-below-content elementor-clearfix\"><h2 class=\"wpr-grid-item-title elementor-repeater-item-88afe2f wpr-grid-item-display-block wpr-grid-item-align-center wpr-pointer-none wpr-pointer-line-fx wpr-pointer-fx-fade\"><div class=\"inner-block\"><a target=\"_self\"  href=\"https:\/\/www.luxelavanderia.it\/?p=370\">Ritiro lavaggio e consegna per albergo<\/a><\/div><\/h2><div class=\"wpr-grid-item-excerpt elementor-repeater-item-c316b12 wpr-grid-item-display-block wpr-grid-item-align-center\"><div class=\"inner-block\"><p>Servizio di ritiro e lavaggio biancheria con alti standard qualitativi, particolare attenzione \u00e8 rivolta all&#039;applicazione di protocolli interni, puntualit\u00e0 nelle...<\/p><\/div><\/div><div class=\"wpr-grid-item-read-more elementor-repeater-item-286b66c wpr-grid-item-display-block wpr-grid-item-align-center\"><div class=\"inner-block\"><a target=\"_self\" href=\"https:\/\/www.luxelavanderia.it\/?p=370\" class=\"wpr-button-effect wpr-button-none\"><span>Approfondisci<\/span><\/a><\/div><\/div><\/div><\/div><\/article><article class=\"wpr-grid-item elementor-clearfix post-204 post type-post status-publish format-standard has-post-thumbnail hentry category-servizi\"><div class=\"wpr-grid-item-inner\"><div class=\"wpr-grid-media-wrap wpr-effect-size-medium \" data-overlay-link=\"yes\"><div class=\"wpr-grid-image-wrap\" data-src=\"https:\/\/www.luxelavanderia.it\/wp-content\/uploads\/2025\/07\/noleggio-biancheria-industriale.jpg\" data-img-on-hover=\"\"  data-src-secondary=\"\"><img decoding=\"async\" data-no-lazy=\"1\" src=\"https:\/\/www.luxelavanderia.it\/wp-content\/uploads\/2025\/07\/noleggio-biancheria-industriale.jpg\" alt=\"Noleggio biancheria\" class=\"wpr-anim-timing-ease-default\"><\/div><div class=\"wpr-grid-media-hover wpr-animation-wrap\"><div class=\"wpr-grid-media-hover-bg  wpr-overlay-fade-in wpr-anim-size-large wpr-anim-timing-ease-default wpr-anim-transparency\" data-url=\"https:\/\/www.luxelavanderia.it\/?p=204\"><\/div><\/div><\/div><div class=\"wpr-grid-item-below-content elementor-clearfix\"><h2 class=\"wpr-grid-item-title elementor-repeater-item-88afe2f wpr-grid-item-display-block wpr-grid-item-align-center wpr-pointer-none wpr-pointer-line-fx wpr-pointer-fx-fade\"><div class=\"inner-block\"><a target=\"_self\"  href=\"https:\/\/www.luxelavanderia.it\/?p=204\">Noleggio biancheria<\/a><\/div><\/h2><div class=\"wpr-grid-item-excerpt elementor-repeater-item-c316b12 wpr-grid-item-display-block wpr-grid-item-align-center\"><div class=\"inner-block\"><p>Il servizio di noleggio biancheria offre soluzioni connesse alla qualit\u00e0, all&#039;igiene e tante idee per la personalizzazione dei tessili. Proposte...<\/p><\/div><\/div><div class=\"wpr-grid-item-read-more elementor-repeater-item-286b66c wpr-grid-item-display-block wpr-grid-item-align-center\"><div class=\"inner-block\"><a target=\"_self\" href=\"https:\/\/www.luxelavanderia.it\/?p=204\" class=\"wpr-button-effect wpr-button-none\"><span>Approfondisci<\/span><\/a><\/div><\/div><\/div><\/div><\/article><\/section>\t\t\t\t<\/div>\n\t\t\t\t<\/div>\n\t\t\t\t\t<\/div>\n\t\t<\/div>\n\t\t\t\t\t<\/div>\n\t\t<\/section>\n\t\t\t\t<\/div>\n\t\t","protected":false},"excerpt":{"rendered":"<p>I nostri servizi Cosa facciamo Servizi di noleggio e lavaggio biancheria completi rivolti a molti settori tra cui: Ristoranti, Pizzerie, Catering , Bar, Alberghi, Rsa, Cliniche, Ambulatori Trattiamo il noleggio, il lavaggio, la stiratura a partire\u00a0 dal tovagliato professionale (tovaglie, fiandre, tovaglioli) fino ai tessuti particolarmente raffinati e personalizzati. Il tutto gestito con organizzazione che prevede\u00a0 il ritiro\u00a0 e la consegna puntuale su tutto il territorio nazionale. Lavaggio e noleggio biancheria per la ristorazione Offriamo un servizio completo per ristoranti, pizzerie, catering e bar: dal tovagliato professionale (tovaglie, fiandre, tovaglioli) fino alle snodature personalizzate. Il tutto gestito con ritiro, lavaggio e consegna puntuale su tutto il territorio nazionale. Soluzioni per hotel e struttura ricettive Progettiamo pacchetti su misura per hotel, agriturismi, B&amp;B e residence. Forniamo biancheria da letto e da bagno su misura, con materiali selezionati per garantire comfort elevato e durata nel tempo. Trattamento materassi, guanciali e articoli tecnico-sanitari Inseriamo nel nostro processo materassi e guanciali per la ristorazione o strutture sanitarie, garantendo igiene profonda, controllo delle fibre e rigenerazione sicura. Percorsi qualificati per strutture sanitarie e RSA Proponiamo soluzioni certificate per ospedali, cliniche e case di riposo, con tessuti tecnici, lenzuola speciali, cerate protettive e controllo totale via barcode RFID. Tutto inclusivo: ritiro, lavaggio e consegna Ogni servizio include ritiro, lavaggio, controllo qualit\u00e0 e consegna nei tempi richiesti, con supporto clienti a ogni fase. Scopri i nostri servizi nel dettaglio All Post Servizi Ritiro lavaggio e consegna per ristorante Servizio di Luxe Lavanderia professionale offre numerosi vantaggi: riduzione dei costi, soluzioni personalizzate , sicurezza e igiene per alberghi, ristoranti,&#8230; Approfondisci Ritiro lavaggio e consegna per albergo Servizio di ritiro e lavaggio biancheria con alti standard qualitativi, particolare attenzione \u00e8 rivolta all&#039;applicazione di protocolli interni, puntualit\u00e0 nelle&#8230; Approfondisci Noleggio biancheria Il servizio di noleggio biancheria offre soluzioni connesse alla qualit\u00e0, all&#039;igiene e tante idee per la personalizzazione dei tessili. Proposte&#8230; Approfondisci<\/p>\n","protected":false},"author":1,"featured_media":0,"parent":0,"menu_order":0,"comment_status":"closed","ping_status":"closed","template":"","meta":{"footnotes":""},"class_list":["post-191","page","type-page","status-publish","hentry"],"_links":{"self":[{"href":"https:\/\/www.luxelavanderia.it\/index.php?rest_route=\/wp\/v2\/pages\/191","targetHints":{"allow":["GET"]}}],"collection":[{"href":"https:\/\/www.luxelavanderia.it\/index.php?rest_route=\/wp\/v2\/pages"}],"about":[{"href":"https:\/\/www.luxelavanderia.it\/index.php?rest_route=\/wp\/v2\/types\/page"}],"author":[{"embeddable":true,"href":"https:\/\/www.luxelavanderia.it\/index.php?rest_route=\/wp\/v2\/users\/1"}],"replies":[{"embeddable":true,"href":"https:\/\/www.luxelavanderia.it\/index.php?rest_route=%2Fwp%2Fv2%2Fcomments&post=191"}],"version-history":[{"count":23,"href":"https:\/\/www.luxelavanderia.it\/index.php?rest_route=\/wp\/v2\/pages\/191\/revisions"}],"predecessor-version":[{"id":648,"href":"https:\/\/www.luxelavanderia.it\/index.php?rest_route=\/wp\/v2\/pages\/191\/revisions\/648"}],"wp:attachment":[{"href":"https:\/\/www.luxelavanderia.it\/index.php?rest_route=%2Fwp%2Fv2%2Fmedia&parent=191"}],"curies":[{"name":"wp","href":"https:\/\/api.w.org\/{rel}","templated":true}]}}